{"id":4142,"date":"2021-10-26T14:42:07","date_gmt":"2021-10-26T14:42:07","guid":{"rendered":"https:\/\/www.istitutopalazzolo.it\/site\/?page_id=4142"},"modified":"2021-11-05T12:11:32","modified_gmt":"2021-11-05T12:11:32","slug":"giornatapovero21","status":"publish","type":"page","link":"https:\/\/www.istitutopalazzolo.it\/site\/giornatapovero21\/","title":{"rendered":"GiornataPovero21"},"content":{"rendered":"<div class=\"fusion-fullwidth fullwidth-box fusion-builder-row-1 fusion-flex-container nonhundred-percent-fullwidth non-hundred-percent-height-scrolling\" style=\"--awb-border-radius-top-left:0px;--awb-border-radius-top-right:0px;--awb-border-radius-bottom-right:0px;--awb-border-radius-bottom-left:0px;--awb-flex-wrap:wrap;\" ><div class=\"fusion-builder-row fusion-row fusion-flex-align-items-flex-start fusion-flex-content-wrap\" style=\"max-width:1216.8px;margin-left: calc(-4% \/ 2 );margin-right: calc(-4% \/ 2 );\"><div class=\"fusion-layout-column fusion_builder_column fusion-builder-column-0 fusion_builder_column_1_1 1_1 fusion-flex-column\" style=\"--awb-bg-size:cover;--awb-width-large:100%;--awb-margin-top-large:0px;--awb-spacing-right-large:1.92%;--awb-margin-bottom-large:20px;--awb-spacing-left-large:1.92%;--awb-width-medium:100%;--awb-order-medium:0;--awb-spacing-right-medium:1.92%;--awb-spacing-left-medium:1.92%;--awb-width-small:100%;--awb-order-small:0;--awb-spacing-right-small:1.92%;--awb-spacing-left-small:1.92%;\"><div class=\"fusion-column-wrapper fusion-column-has-shadow fusion-flex-justify-content-flex-start fusion-content-layout-column\"><div class=\"fusion-separator fusion-full-width-sep\" style=\"align-self: center;margin-left: auto;margin-right: auto;margin-top:50px;width:100%;\"><\/div><div class=\"fusion-text fusion-text-1\"><blockquote>\n<p><em>\u201cMi auguro che la\u00a0Giornata Mondiale dei Poveri, giunta ormai alla sua quinta celebrazione, possa radicarsi sempre pi\u00f9 nelle nostre Chiese locali e aprirsi a un movimento di evangelizzazione che incontri in prima istanza i poveri l\u00e0 dove si trovano. Non possiamo attendere che bussino alla nostra porta, \u00e8 urgente che li raggiungiamo nelle loro case, negli ospedali e nelle residenze di assistenza, per le strade e negli angoli bui dove a volte si nascondono, nei centri di rifugio e di accoglienza\u2026 \u00c8 importante capire come si sentono, cosa provano e quali desideri hanno nel cuore\u201d.<\/em><\/p>\n<div class=\"wp-block-image is-style-default\">\n<figure class=\"alignright size-large is-resized\"><img decoding=\"async\" class=\"lazyload wp-image-2400\" src=\"https:\/\/www.caritasbergamo.it\/wp-content\/uploads\/2021\/10\/franciscus-e1450289327324.png\" data-orig-src=\"https:\/\/www.caritasbergamo.it\/wp-content\/uploads\/2021\/10\/franciscus-e1450289327324.png\" data-sizes=\"auto\" data-orig-sizes=\"(max-width: 158px) 100vw, 158px\" srcset=\"data:image\/svg+xml,%3Csvg%20xmlns%3D%27http%3A%2F%2Fwww.w3.org%2F2000%2Fsvg%27%20width%3D%27158%27%20height%3D%2739%27%20viewBox%3D%270%200%20158%2039%27%3E%3Crect%20width%3D%27158%27%20height%3D%2739%27%20fill-opacity%3D%220%22%2F%3E%3C%2Fsvg%3E\" data-srcset=\"https:\/\/www.caritasbergamo.it\/wp-content\/uploads\/2021\/10\/franciscus-e1450289327324.png 600w, https:\/\/www.caritasbergamo.it\/wp-content\/uploads\/2021\/10\/franciscus-e1450289327324-300x73.png 300w\" alt=\"\" width=\"158\" height=\"39\" \/><\/figure>\n<\/div>\n<h2><\/h2>\n<p><em>\u00a0<\/em><\/p>\n<\/blockquote>\n<\/div><div class=\"fusion-text fusion-text-2\"><h3><span class=\"color\" style=\"color: #ff0000;\">IL PROGRAMMA<\/span><\/h3>\n<h4>Marted\u00ec 9, gioved\u00ec 11, domenica 14 novembre<\/h4>\n<h3><span class=\"color\" style=\"color: #ff0000;\">DONNE DI RIVELAZIONE<\/span><\/h3>\n<p><strong>Tre convegni tutti al femminile per approfondire tre temi chiave della povert\u00e0: etica, diritti, giustizia<\/strong><\/p>\n<p>SOLO SU PRENOTAZIONE E CON GREEN PASS. <a href=\"https:\/\/docs.google.com\/forms\/d\/1u_XunKFfd4e6bsVZJvEUWGZP5TwKaioZnd88ASvKItA\/edit\"><span style=\"color: #ff0000;\">PER ISCRIVERSI A UNO O PI\u00d9 INCONTRI COMPILARE QUESTO FORM.<\/span><\/a><\/p>\n<p>Gli incontri saranno trasmessi in diretta sui canali <a href=\"https:\/\/www.youtube.com\/channel\/UC3TNhoD_5GBRMXuIoJ51Tow\"><span style=\"color: #ff0000;\">YouTube<\/span><\/a> e <a href=\"https:\/\/www.facebook.com\/caritasbergamo\/\"><span style=\"color: #ff0000;\">Facebook<\/span><\/a> di Caritas Bergamasca e dell\u2019Istituto Palazzolo. Inoltre il convegno di domenica 14 novembre sar\u00e0 visibile in diretta streaming dal sito <a href=\"https:\/\/www.istitutopalazzolo.it\/site\/direttaweb\"><strong><span style=\"color: #ff0000;\">www.istitutopalazzolo.it<\/span><\/strong><\/a>.<\/p>\n<h3 class=\"has-big-font-size\"><span style=\"color: #ff0000;\"><strong>MARTEDI 9 NOVEMBRE<\/strong><\/span><\/h3>\n<p><strong>Ore 20:30 &gt; Spazio Fase, Risma 11 Multifactory, in via D. Pesenti, 1 ad Alzano Lombardo<\/strong><\/p>\n<p class=\"has-big-font-size\">\u201c<strong>L\u2019elemosina \u00e8 occasionale, la condivisione \u00e8 duratura. <\/strong>Dialogo sulla finanza sostenibile e l\u2019imprenditoria etica\u201d<\/p>\n<p>Relatrici:<\/p>\n<ul>\n<li><strong>prof.ssa ANNA MARIA GRAZIA VARIATO<\/strong>, docente in economia politica Universit\u00e0 degli Studi di Bergamo;<\/li>\n<li><strong>prof.ssa FRANCESCA MONTAGNINI<\/strong>, docente in Gestione d\u2019Impresa presso l\u2019universit\u00e0 Cattolica del Sacro Cuore di Milano;<\/li>\n<li><strong>CATERINA BELOTTI<\/strong>, Casa Editrice San Marco<\/li>\n<\/ul>\n<p>moderatrice:<strong> dott.ssa DANIELA MESSINA<\/strong>.<\/p>\n<h3 class=\"has-big-font-size\"><span style=\"color: #ff0000;\"><strong>GIOVEDI 11 NOVEMBRE<\/strong><\/span><\/h3>\n<p><strong>Ore 20:30 &gt; Chiesa del quartiere Villaggio degli Sposi, in via Promessi Sposi a Bergamo<\/strong><\/p>\n<p class=\"has-big-font-size\">\u201c<strong>La povert\u00e0 non \u00e8 frutto del destino, \u00e8 conseguenza dell\u2019egoismo. <\/strong>Dialogo sul prendersi cura dei diritti delle persone\u201d<\/p>\n<p>Relatrici:<\/p>\n<ul>\n<li><strong>dott.ssa CATERINA VITALI<\/strong>, sindaca di Ciserano;<\/li>\n<li><strong>dott.ssa ELENA SONZOGNI<\/strong>, assistente sociale di San Pellegrino;<\/li>\n<\/ul>\n<p>Moderatrice: <strong>dott.ssa BARBARA MANZONI<\/strong>.<\/p>\n<h3 class=\"has-big-font-size\"><span style=\"color: #ff0000;\"><strong>DOMENICA 14 NOVEMBRE<\/strong><\/span><\/h3>\n<p><strong>Ore 15:30 &gt; Auditorium dell\u2019Istituto Palazzolo, in via Palazzolo a Bergamo<\/strong><\/p>\n<p class=\"has-big-font-size\">\u201c<strong>I poveri li avete sempre con voi. <\/strong>Storie di condivisione e giustizia\u201d<\/p>\n<p>Relatrici:<\/p>\n<ul>\n<li><strong>ZAKJA SEDDIKI<\/strong>, presidentessa dell\u2019 associazione Mama Sofia e moglie dell\u2019ambasciatore Luca Attanasio;<\/li>\n<li><strong>ANNA MARINONI<\/strong>, portavoce associazione Fridays for Future Bergamo;<\/li>\n<li>Portavoce di Emergency di Milano.<\/li>\n<\/ul>\n<p>Moderatrice: <strong>dott.ssa LAURA ARNOLDI<\/strong>.<\/p>\n<\/div><\/div><\/div><div class=\"fusion-layout-column fusion_builder_column fusion-builder-column-1 fusion_builder_column_1_1 1_1 fusion-flex-column\" style=\"--awb-bg-size:cover;--awb-width-large:100%;--awb-margin-top-large:0px;--awb-spacing-right-large:1.92%;--awb-margin-bottom-large:20px;--awb-spacing-left-large:1.92%;--awb-width-medium:100%;--awb-order-medium:0;--awb-spacing-right-medium:1.92%;--awb-spacing-left-medium:1.92%;--awb-width-small:100%;--awb-order-small:0;--awb-spacing-right-small:1.92%;--awb-spacing-left-small:1.92%;\"><div class=\"fusion-column-wrapper fusion-column-has-shadow fusion-flex-justify-content-flex-start fusion-content-layout-column\"><\/div><\/div><\/div><\/div>\n","protected":false},"excerpt":{"rendered":"","protected":false},"author":1,"featured_media":0,"parent":0,"menu_order":0,"comment_status":"closed","ping_status":"closed","template":"","meta":{"footnotes":""},"class_list":["post-4142","page","type-page","status-publish","hentry"],"_links":{"self":[{"href":"https:\/\/www.istitutopalazzolo.it\/site\/wp-json\/wp\/v2\/pages\/4142","targetHints":{"allow":["GET"]}}],"collection":[{"href":"https:\/\/www.istitutopalazzolo.it\/site\/wp-json\/wp\/v2\/pages"}],"about":[{"href":"https:\/\/www.istitutopalazzolo.it\/site\/wp-json\/wp\/v2\/types\/page"}],"author":[{"embeddable":true,"href":"https:\/\/www.istitutopalazzolo.it\/site\/wp-json\/wp\/v2\/users\/1"}],"replies":[{"embeddable":true,"href":"https:\/\/www.istitutopalazzolo.it\/site\/wp-json\/wp\/v2\/comments?post=4142"}],"version-history":[{"count":14,"href":"https:\/\/www.istitutopalazzolo.it\/site\/wp-json\/wp\/v2\/pages\/4142\/revisions"}],"predecessor-version":[{"id":4179,"href":"https:\/\/www.istitutopalazzolo.it\/site\/wp-json\/wp\/v2\/pages\/4142\/revisions\/4179"}],"wp:attachment":[{"href":"https:\/\/www.istitutopalazzolo.it\/site\/wp-json\/wp\/v2\/media?parent=4142"}],"curies":[{"name":"wp","href":"https:\/\/api.w.org\/{rel}","templated":true}]}}